{"id":85,"date":"2018-08-17T06:24:11","date_gmt":"2018-08-17T06:24:11","guid":{"rendered":"https:\/\/demo.themegrill.com\/zakra-charity\/?page_id=85"},"modified":"2025-05-18T11:58:30","modified_gmt":"2025-05-18T09:58:30","slug":"volunteer","status":"publish","type":"page","link":"https:\/\/www.stadtbadbockenem.de\/?page_id=85","title":{"rendered":"Mitglied werden"},"content":{"rendered":"\t\t<div data-elementor-type=\"wp-post\" data-elementor-id=\"85\" class=\"elementor elementor-85\">\n\t\t\t\t\t\t<section class=\"elementor-section elementor-top-section elementor-element elementor-element-39f4dd09 elementor-section-boxed elementor-section-height-default elementor-section-height-default\" data-id=\"39f4dd09\" data-element_type=\"section\">\n\t\t\t\t\t\t<div class=\"elementor-container elementor-column-gap-default\">\n\t\t\t\t\t<div class=\"elementor-column elementor-col-100 elementor-top-column elementor-element elementor-element-5affa80c\" data-id=\"5affa80c\" data-element_type=\"column\">\n\t\t\t<div class=\"elementor-widget-wrap elementor-element-populated\">\n\t\t\t\t\t\t<div class=\"elementor-element elementor-element-33f6b59 elementor-widget__width-initial elementor-widget elementor-widget-image\" data-id=\"33f6b59\" data-element_type=\"widget\" data-widget_type=\"image.default\">\n\t\t\t\t<div class=\"elementor-widget-container\">\n\t\t\t\t\t\t\t\t\t\t\t\t\t<img fetchpriority=\"high\" decoding=\"async\" width=\"812\" height=\"906\" src=\"https:\/\/www.stadtbadbockenem.de\/wp-content\/uploads\/2025\/05\/2024-10-24-SFV-HP-3-918x1024.jpg\" class=\"attachment-large size-large wp-image-1382\" alt=\"\" srcset=\"https:\/\/www.stadtbadbockenem.de\/wp-content\/uploads\/2025\/05\/2024-10-24-SFV-HP-3-918x1024.jpg 918w, https:\/\/www.stadtbadbockenem.de\/wp-content\/uploads\/2025\/05\/2024-10-24-SFV-HP-3-269x300.jpg 269w, https:\/\/www.stadtbadbockenem.de\/wp-content\/uploads\/2025\/05\/2024-10-24-SFV-HP-3-768x857.jpg 768w, https:\/\/www.stadtbadbockenem.de\/wp-content\/uploads\/2025\/05\/2024-10-24-SFV-HP-3-1376x1536.jpg 1376w, https:\/\/www.stadtbadbockenem.de\/wp-content\/uploads\/2025\/05\/2024-10-24-SFV-HP-3-1835x2048.jpg 1835w\" sizes=\"(max-width: 812px) 100vw, 812px\" \/>\t\t\t\t\t\t\t\t\t\t\t\t\t<\/div>\n\t\t\t\t<\/div>\n\t\t\t\t<div class=\"elementor-element elementor-element-494180e elementor-widget__width-initial elementor-widget elementor-widget-image\" data-id=\"494180e\" data-element_type=\"widget\" data-widget_type=\"image.default\">\n\t\t\t\t<div class=\"elementor-widget-container\">\n\t\t\t\t\t\t\t\t\t\t\t\t\t<img decoding=\"async\" width=\"812\" height=\"797\" src=\"https:\/\/www.stadtbadbockenem.de\/wp-content\/uploads\/2025\/05\/2024-04-06-SFV-HP-1-1024x1005.jpg\" class=\"attachment-large size-large wp-image-1366\" alt=\"\" srcset=\"https:\/\/www.stadtbadbockenem.de\/wp-content\/uploads\/2025\/05\/2024-04-06-SFV-HP-1-1024x1005.jpg 1024w, https:\/\/www.stadtbadbockenem.de\/wp-content\/uploads\/2025\/05\/2024-04-06-SFV-HP-1-300x295.jpg 300w, https:\/\/www.stadtbadbockenem.de\/wp-content\/uploads\/2025\/05\/2024-04-06-SFV-HP-1-768x754.jpg 768w, https:\/\/www.stadtbadbockenem.de\/wp-content\/uploads\/2025\/05\/2024-04-06-SFV-HP-1-1536x1508.jpg 1536w, https:\/\/www.stadtbadbockenem.de\/wp-content\/uploads\/2025\/05\/2024-04-06-SFV-HP-1-2048x2011.jpg 2048w\" sizes=\"(max-width: 812px) 100vw, 812px\" \/>\t\t\t\t\t\t\t\t\t\t\t\t\t<\/div>\n\t\t\t\t<\/div>\n\t\t\t\t<div class=\"elementor-element elementor-element-6c02f20 elementor-widget elementor-widget-text-editor\" data-id=\"6c02f20\" data-element_type=\"widget\" data-widget_type=\"text-editor.default\">\n\t\t\t\t<div class=\"elementor-widget-container\">\n\t\t\t\t\t\t\t<p>Die zentrale Aufgabe des Stadtbadf\u00f6rdervereins ist es die Attraktivit\u00e4t des Stadtbades Bockenem zu erhalten und weiter zu steigern, damit <strong>Sie<\/strong> sich bei einem Besuch wirklich wohlf\u00fchlen k\u00f6nnen.<\/p><p><strong>Sie m\u00f6chten uns dabei unterst\u00fctzen?<\/strong><\/p><p>Dann treten Sie doch gleich dem Stadtbadf\u00f6rderverein bei.<\/p>\t\t\t\t\t\t<\/div>\n\t\t\t\t<\/div>\n\t\t\t\t<div class=\"elementor-element elementor-element-d137f1e elementor-widget elementor-widget-button\" data-id=\"d137f1e\" data-element_type=\"widget\" data-widget_type=\"button.default\">\n\t\t\t\t<div class=\"elementor-widget-container\">\n\t\t\t\t\t<div class=\"elementor-button-wrapper\">\n\t\t\t<a class=\"elementor-button elementor-button-link elementor-size-sm\" href=\"https:\/\/www.stadtbadbockenem.de\/wp-content\/uploads\/2024\/03\/2024-03-16-SFV-Beitrittserklarung.pdf\" target=\"_blank\">\n\t\t\t\t\t\t<span class=\"elementor-button-content-wrapper\">\n\t\t\t\t\t\t<span class=\"elementor-button-text\">Beitrittsformular \/ Daten\u00e4nderung<\/span>\n\t\t<\/span>\n\t\t\t\t\t<\/a>\n\t\t<\/div>\n\t\t\t\t<\/div>\n\t\t\t\t<\/div>\n\t\t\t\t<div class=\"elementor-element elementor-element-4fc4777 elementor-widget elementor-widget-text-editor\" data-id=\"4fc4777\" data-element_type=\"widget\" data-widget_type=\"text-editor.default\">\n\t\t\t\t<div class=\"elementor-widget-container\">\n\t\t\t\t\t\t\t<p>Das Formular kann auch f\u00fcr Daten\u00e4nderungen genutzt werden.<\/p>\n<h5>Sie haben Fragen zum Stadtbadf\u00f6rderverein oder der Mitgliedschaft?<\/h5>\n<p>Dann sprechen Sie uns gern an, entweder direkt im Bad oder per E-Mail:<\/p>\n<p><span style=\"text-decoration: underline; color: #0000ff;\"><em><a style=\"color: #0000ff; text-decoration: underline;\" href=\"mailto:kommunikation@stadtbadbockenem.de\" target=\"_blank\" rel=\"noopener\">kommunikation@stadtbadbockenem.de<\/a><\/em><\/span><\/p>\n<p><span style=\"text-decoration: underline; color: #0000ff;\"><em><a style=\"color: #0000ff; text-decoration: underline;\" href=\"https:\/\/www.stadtbadbockenem.de\/?page_id=341\">Vorstand<\/a><\/em><\/span><\/p>\n<p><a href=\"https:\/\/www.stadtbadbockenem.de\/?page_id=629\"><span style=\"color: #0000ff;\"><em><span style=\"text-decoration: underline;\">Impressum<\/span><\/em><\/span><\/a><\/p>\t\t\t\t\t\t<\/div>\n\t\t\t\t<\/div>\n\t\t\t\t\t<\/div>\n\t\t<\/div>\n\t\t\t\t\t<\/div>\n\t\t<\/section>\n\t\t\t\t<section class=\"elementor-section elementor-top-section elementor-element elementor-element-6d1e9c7 elementor-section-boxed elementor-section-height-default elementor-section-height-default\" data-id=\"6d1e9c7\" data-element_type=\"section\">\n\t\t\t\t\t\t<div class=\"elementor-container elementor-column-gap-default\">\n\t\t\t\t\t<div class=\"elementor-column elementor-col-100 elementor-top-column elementor-element elementor-element-b64f185\" data-id=\"b64f185\" data-element_type=\"column\">\n\t\t\t<div class=\"elementor-widget-wrap\">\n\t\t\t\t\t\t\t<\/div>\n\t\t<\/div>\n\t\t\t\t\t<\/div>\n\t\t<\/section>\n\t\t\t\t<\/div>\n\t\t","protected":false},"excerpt":{"rendered":"<p>Die zentrale Aufgabe des Stadtbadf\u00f6rdervereins ist es die Attraktivit\u00e4t des Stadtbades Bockenem zu erhalten und weiter zu steigern, damit Sie sich bei einem Besuch wirklich wohlf\u00fchlen k\u00f6nnen. Sie m\u00f6chten uns dabei unterst\u00fctzen? Dann treten Sie doch gleich dem Stadtbadf\u00f6rderverein bei. Beitrittsformular \/ Daten\u00e4nderung Das Formular kann auch f\u00fcr Daten\u00e4nderungen genutzt werden. Sie haben Fragen zum [&hellip;]<\/p>\n","protected":false},"author":1,"featured_media":0,"parent":0,"menu_order":0,"comment_status":"closed","ping_status":"closed","template":"","meta":{"footnotes":""},"class_list":["post-85","page","type-page","status-publish","hentry"],"_links":{"self":[{"href":"https:\/\/www.stadtbadbockenem.de\/index.php?rest_route=\/wp\/v2\/pages\/85","targetHints":{"allow":["GET"]}}],"collection":[{"href":"https:\/\/www.stadtbadbockenem.de\/index.php?rest_route=\/wp\/v2\/pages"}],"about":[{"href":"https:\/\/www.stadtbadbockenem.de\/index.php?rest_route=\/wp\/v2\/types\/page"}],"author":[{"embeddable":true,"href":"https:\/\/www.stadtbadbockenem.de\/index.php?rest_route=\/wp\/v2\/users\/1"}],"replies":[{"embeddable":true,"href":"https:\/\/www.stadtbadbockenem.de\/index.php?rest_route=%2Fwp%2Fv2%2Fcomments&post=85"}],"version-history":[{"count":59,"href":"https:\/\/www.stadtbadbockenem.de\/index.php?rest_route=\/wp\/v2\/pages\/85\/revisions"}],"predecessor-version":[{"id":1426,"href":"https:\/\/www.stadtbadbockenem.de\/index.php?rest_route=\/wp\/v2\/pages\/85\/revisions\/1426"}],"wp:attachment":[{"href":"https:\/\/www.stadtbadbockenem.de\/index.php?rest_route=%2Fwp%2Fv2%2Fmedia&parent=85"}],"curies":[{"name":"wp","href":"https:\/\/api.w.org\/{rel}","templated":true}]}}